{"id":236,"date":"2024-03-09T16:26:20","date_gmt":"2024-03-09T19:26:20","guid":{"rendered":"http:\/\/192.168.31.47\/?page_id=236"},"modified":"2026-02-11T17:25:25","modified_gmt":"2026-02-11T20:25:25","slug":"bachiller-escuela-thays","status":"publish","type":"page","link":"https:\/\/www.escuelathays.mendoza.edu.ar\/?page_id=236","title":{"rendered":"Oferta Educativa"},"content":{"rendered":"\t\t<div data-elementor-type=\"wp-page\" data-elementor-id=\"236\" class=\"elementor elementor-236\">\n\t\t\t\t<div class=\"elementor-element elementor-element-bcf3bad e-flex e-con-boxed e-con e-parent\" data-id=\"bcf3bad\" data-element_type=\"container\" data-settings=\"{&quot;background_background&quot;:&quot;classic&quot;}\">\n\t\t\t\t\t<div class=\"e-con-inner\">\n\t\t<div class=\"elementor-element elementor-element-0ecbf0b e-con-full e-flex e-con e-child\" data-id=\"0ecbf0b\" data-element_type=\"container\">\n\t\t<div class=\"elementor-element elementor-element-51d169c e-flex e-con-boxed e-con e-child\" data-id=\"51d169c\" data-element_type=\"container\">\n\t\t\t\t\t<div class=\"e-con-inner\">\n\t\t<div class=\"elementor-element elementor-element-7613465 e-con-full e-flex e-con e-child\" data-id=\"7613465\" data-element_type=\"container\">\n\t\t\t\t<div class=\"elementor-element elementor-element-581884f elementor-widget__width-initial elementor-widget elementor-widget-heading\" data-id=\"581884f\" data-element_type=\"widget\" data-widget_type=\"heading.default\">\n\t\t\t\t<div class=\"elementor-widget-container\">\n\t\t\t\t\t<h1 class=\"elementor-heading-title elementor-size-default\">OFERTA EDUCATIVA<\/h1>\t\t\t\t<\/div>\n\t\t\t\t<\/div>\n\t\t\t\t<\/div>\n\t\t\t\t\t<\/div>\n\t\t\t\t<\/div>\n\t\t\t\t<\/div>\n\t\t\t\t\t<\/div>\n\t\t\t\t<\/div>\n\t\t<div class=\"elementor-element elementor-element-b4942ec e-flex e-con-boxed e-con e-parent\" data-id=\"b4942ec\" data-element_type=\"container\">\n\t\t\t\t\t<div class=\"e-con-inner\">\n\t\t<div class=\"elementor-element elementor-element-91d22c1 e-con-full e-flex e-con e-child\" data-id=\"91d22c1\" data-element_type=\"container\">\n\t\t\t\t<div class=\"elementor-element elementor-element-49fc1cb elementor-widget elementor-widget-heading\" data-id=\"49fc1cb\" data-element_type=\"widget\" data-widget_type=\"heading.default\">\n\t\t\t\t<div class=\"elementor-widget-container\">\n\t\t\t\t\t<h3 class=\"elementor-heading-title elementor-size-default\">Estructura curricular del Ciclo B\u00e1sico<\/h3>\t\t\t\t<\/div>\n\t\t\t\t<\/div>\n\t\t\t\t<\/div>\n\t\t\t\t\t<\/div>\n\t\t\t\t<\/div>\n\t\t<div class=\"elementor-element elementor-element-8816e2b e-flex e-con-boxed e-con e-parent\" data-id=\"8816e2b\" data-element_type=\"container\">\n\t\t\t\t\t<div class=\"e-con-inner\">\n\t\t<div class=\"elementor-element elementor-element-5b60e99 e-con-full e-flex e-con e-child\" data-id=\"5b60e99\" data-element_type=\"container\">\n\t\t\t\t<div class=\"elementor-element elementor-element-eb17526 elementor-widget elementor-widget-text-editor\" data-id=\"eb17526\" data-element_type=\"widget\" data-widget_type=\"text-editor.default\">\n\t\t\t\t<div class=\"elementor-widget-container\">\n\t\t\t\t\t\t\t\t\tEl Ciclo B\u00e1sico comprende\u00a0 1\u00ba y 2\u00ba a\u00f1o del Nivel Secundario.\nLos espacios curriculares que se cursan en estos dos a\u00f1os proporcionan los contenidos b\u00e1sicos de las materias de fundamento.\t\t\t\t\t\t\t\t<\/div>\n\t\t\t\t<\/div>\n\t\t\t\t<\/div>\n\t\t<div class=\"elementor-element elementor-element-3104e95 e-con-full e-flex e-con e-child\" data-id=\"3104e95\" data-element_type=\"container\">\n\t\t\t\t<div class=\"elementor-element elementor-element-376b09d elementor-widget elementor-widget-image\" data-id=\"376b09d\" data-element_type=\"widget\" data-widget_type=\"image.default\">\n\t\t\t\t<div class=\"elementor-widget-container\">\n\t\t\t\t\t\t\t\t\t\t\t\t\t\t\t\t<a href=\"https:\/\/www.escuelathays.mendoza.edu.ar\/wp-content\/uploads\/2024\/03\/ESTRUCTURA-CICLO-BASICO-THAYS.png\" data-elementor-open-lightbox=\"yes\" data-elementor-lightbox-title=\"ESTRUCTURA CICLO B\u00c1SICO THAYS\" data-e-action-hash=\"#elementor-action%3Aaction%3Dlightbox%26settings%3DeyJpZCI6MTA4MiwidXJsIjoiaHR0cHM6XC9cL3d3dy5lc2N1ZWxhdGhheXMubWVuZG96YS5lZHUuYXJcL3dwLWNvbnRlbnRcL3VwbG9hZHNcLzIwMjRcLzAzXC9FU1RSVUNUVVJBLUNJQ0xPLUJBU0lDTy1USEFZUy5wbmcifQ%3D%3D\">\n\t\t\t\t\t\t\t<img fetchpriority=\"high\" decoding=\"async\" width=\"768\" height=\"576\" src=\"https:\/\/www.escuelathays.mendoza.edu.ar\/wp-content\/uploads\/2024\/03\/ESTRUCTURA-CICLO-BASICO-THAYS-768x576.png\" class=\"attachment-medium_large size-medium_large wp-image-1082\" alt=\"\" srcset=\"https:\/\/www.escuelathays.mendoza.edu.ar\/wp-content\/uploads\/2024\/03\/ESTRUCTURA-CICLO-BASICO-THAYS-768x576.png 768w, https:\/\/www.escuelathays.mendoza.edu.ar\/wp-content\/uploads\/2024\/03\/ESTRUCTURA-CICLO-BASICO-THAYS-300x225.png 300w, https:\/\/www.escuelathays.mendoza.edu.ar\/wp-content\/uploads\/2024\/03\/ESTRUCTURA-CICLO-BASICO-THAYS.png 1024w\" sizes=\"(max-width: 768px) 100vw, 768px\" \/>\t\t\t\t\t\t\t\t<\/a>\n\t\t\t\t\t\t\t\t\t\t\t\t\t\t\t<\/div>\n\t\t\t\t<\/div>\n\t\t\t\t<\/div>\n\t\t\t\t\t<\/div>\n\t\t\t\t<\/div>\n\t\t<div class=\"elementor-element elementor-element-c39ccb6 e-con-full e-flex e-con e-parent\" data-id=\"c39ccb6\" data-element_type=\"container\">\n\t\t<div class=\"elementor-element elementor-element-aa6c64a e-con-full e-flex e-con e-child\" data-id=\"aa6c64a\" data-element_type=\"container\">\n\t\t\t\t<div class=\"elementor-element elementor-element-2d09542 elementor-widget elementor-widget-heading\" data-id=\"2d09542\" data-element_type=\"widget\" data-widget_type=\"heading.default\">\n\t\t\t\t<div class=\"elementor-widget-container\">\n\t\t\t\t\t<h3 class=\"elementor-heading-title elementor-size-default\">Estructura curricular del Ciclo Orientado<\/h3>\t\t\t\t<\/div>\n\t\t\t\t<\/div>\n\t\t\t\t<\/div>\n\t\t\t\t<div class=\"elementor-element elementor-element-999efc0 elementor-widget elementor-widget-text-editor\" data-id=\"999efc0\" data-element_type=\"widget\" data-widget_type=\"text-editor.default\">\n\t\t\t\t<div class=\"elementor-widget-container\">\n\t\t\t\t\t\t\t\t\t<p>Nuestra escuela es de nivel Secundario Orientado y ofrece formaci\u00f3n en dos orientaciones: <strong>BACHILLER EN ECONOM\u00cdA Y ADMINISTRACI\u00d3N<\/strong> y <strong>BACHILLER EN INFORM\u00c1TICA<\/strong><\/p>\t\t\t\t\t\t\t\t<\/div>\n\t\t\t\t<\/div>\n\t\t\t\t<\/div>\n\t\t<div class=\"elementor-element elementor-element-519vlb6 e-flex e-con-boxed e-con e-parent\" data-id=\"519vlb6\" data-element_type=\"container\" data-settings=\"{&quot;background_background&quot;:&quot;classic&quot;}\">\n\t\t\t\t\t<div class=\"e-con-inner\">\n\t\t<div class=\"elementor-element elementor-element-8d56ee4 e-con-full e-flex e-con e-child\" data-id=\"8d56ee4\" data-element_type=\"container\">\n\t\t<div class=\"elementor-element elementor-element-147497f e-con-full e-flex e-con e-child\" data-id=\"147497f\" data-element_type=\"container\">\n\t\t<div class=\"elementor-element elementor-element-070bc93 e-con-full e-flex e-con e-child\" data-id=\"070bc93\" data-element_type=\"container\">\n\t\t\t\t<div class=\"elementor-element elementor-element-ada0517 elementor-widget-tablet__width-initial elementor-widget elementor-widget-image\" data-id=\"ada0517\" data-element_type=\"widget\" data-widget_type=\"image.default\">\n\t\t\t\t<div class=\"elementor-widget-container\">\n\t\t\t\t\t\t\t\t\t\t\t\t\t\t\t<img decoding=\"async\" width=\"500\" height=\"500\" src=\"https:\/\/www.escuelathays.mendoza.edu.ar\/wp-content\/uploads\/2024\/03\/DCEBE.png\" class=\"attachment-full size-full wp-image-339\" alt=\"\" srcset=\"https:\/\/www.escuelathays.mendoza.edu.ar\/wp-content\/uploads\/2024\/03\/DCEBE.png 500w, https:\/\/www.escuelathays.mendoza.edu.ar\/wp-content\/uploads\/2024\/03\/DCEBE-300x300.png 300w, https:\/\/www.escuelathays.mendoza.edu.ar\/wp-content\/uploads\/2024\/03\/DCEBE-150x150.png 150w\" sizes=\"(max-width: 500px) 100vw, 500px\" \/>\t\t\t\t\t\t\t\t\t\t\t\t\t\t\t<\/div>\n\t\t\t\t<\/div>\n\t\t\t\t<\/div>\n\t\t<div class=\"elementor-element elementor-element-c1b2f2d e-con-full e-flex e-con e-child\" data-id=\"c1b2f2d\" data-element_type=\"container\">\n\t\t\t\t<div class=\"elementor-element elementor-element-28be568 elementor-widget elementor-widget-heading\" data-id=\"28be568\" data-element_type=\"widget\" data-widget_type=\"heading.default\">\n\t\t\t\t<div class=\"elementor-widget-container\">\n\t\t\t\t\t<h3 class=\"elementor-heading-title elementor-size-default\">BACHILLER EN ECONOM\u00cdA Y ADMINISTRACI\u00d3N<\/h3>\t\t\t\t<\/div>\n\t\t\t\t<\/div>\n\t\t\t\t<div class=\"elementor-element elementor-element-f4de923 elementor-widget elementor-widget-text-editor\" data-id=\"f4de923\" data-element_type=\"widget\" data-widget_type=\"text-editor.default\">\n\t\t\t\t<div class=\"elementor-widget-container\">\n\t\t\t\t\t\t\t\t\t<p>&#8220;La orientaci\u00f3n promueve la formaci\u00f3n de ciudadanos con sentido cr\u00edtico, a partir de la incorporaci\u00f3n de saberes que desarrollen la reflexi\u00f3n en torno a los principios y fundamentos sobre los que descansan los sistemas de producci\u00f3n y reproducci\u00f3n de la sociedad; el an\u00e1lisis e interpretaci\u00f3n de las diversas perspectivas propias del campo disciplinar, as\u00ed como el desarrollo de habilidades que permitan la realizaci\u00f3n de an\u00e1lisis complejos y situados para la participaci\u00f3n en diferentes procesos organizacionales y sus dimensiones administrativas; y la mejora colectiva de las condiciones de vida en comunidad, en un marco democr\u00e1tico y plural.&#8221;<br \/><em>Fuente: Dise\u00f1o Curricular Provincial &#8220;Bachiller en Econom\u00eda y Administraci\u00f3n&#8221;<\/em><\/p>\t\t\t\t\t\t\t\t<\/div>\n\t\t\t\t<\/div>\n\t\t\t\t<\/div>\n\t\t\t\t<\/div>\n\t\t\t\t<\/div>\n\t\t\t\t\t<\/div>\n\t\t\t\t<\/div>\n\t\t<div class=\"elementor-element elementor-element-e486590 e-flex e-con-boxed e-con e-parent\" data-id=\"e486590\" data-element_type=\"container\">\n\t\t\t\t\t<div class=\"e-con-inner\">\n\t\t\t\t<div class=\"elementor-element elementor-element-797863f elementor-widget elementor-widget-image\" data-id=\"797863f\" data-element_type=\"widget\" data-widget_type=\"image.default\">\n\t\t\t\t<div class=\"elementor-widget-container\">\n\t\t\t\t\t\t\t\t\t\t\t\t\t\t\t\t<a href=\"https:\/\/www.escuelathays.mendoza.edu.ar\/wp-content\/uploads\/2024\/03\/Bachiller-en-Ecomomia.png\" data-elementor-open-lightbox=\"yes\" data-elementor-lightbox-title=\"Bachiller en Ecomom\u00eda\" data-e-action-hash=\"#elementor-action%3Aaction%3Dlightbox%26settings%3DeyJpZCI6MTA4MCwidXJsIjoiaHR0cHM6XC9cL3d3dy5lc2N1ZWxhdGhheXMubWVuZG96YS5lZHUuYXJcL3dwLWNvbnRlbnRcL3VwbG9hZHNcLzIwMjRcLzAzXC9CYWNoaWxsZXItZW4tRWNvbW9taWEucG5nIn0%3D\">\n\t\t\t\t\t\t\t<img decoding=\"async\" width=\"768\" height=\"775\" src=\"https:\/\/www.escuelathays.mendoza.edu.ar\/wp-content\/uploads\/2024\/03\/Bachiller-en-Ecomomia-768x775.png\" class=\"attachment-medium_large size-medium_large wp-image-1080\" alt=\"\" srcset=\"https:\/\/www.escuelathays.mendoza.edu.ar\/wp-content\/uploads\/2024\/03\/Bachiller-en-Ecomomia-768x775.png 768w, https:\/\/www.escuelathays.mendoza.edu.ar\/wp-content\/uploads\/2024\/03\/Bachiller-en-Ecomomia-297x300.png 297w, https:\/\/www.escuelathays.mendoza.edu.ar\/wp-content\/uploads\/2024\/03\/Bachiller-en-Ecomomia-150x150.png 150w, https:\/\/www.escuelathays.mendoza.edu.ar\/wp-content\/uploads\/2024\/03\/Bachiller-en-Ecomomia.png 826w\" sizes=\"(max-width: 768px) 100vw, 768px\" \/>\t\t\t\t\t\t\t\t<\/a>\n\t\t\t\t\t\t\t\t\t\t\t\t\t\t\t<\/div>\n\t\t\t\t<\/div>\n\t\t\t\t\t<\/div>\n\t\t\t\t<\/div>\n\t\t<div class=\"elementor-element elementor-element-23ab57a e-flex e-con-boxed e-con e-parent\" data-id=\"23ab57a\" data-element_type=\"container\" data-settings=\"{&quot;background_background&quot;:&quot;classic&quot;}\">\n\t\t\t\t\t<div class=\"e-con-inner\">\n\t\t<div class=\"elementor-element elementor-element-02ed5fc e-con-full e-flex e-con e-child\" data-id=\"02ed5fc\" data-element_type=\"container\">\n\t\t<div class=\"elementor-element elementor-element-06f4420 e-con-full e-flex e-con e-child\" data-id=\"06f4420\" data-element_type=\"container\">\n\t\t<div class=\"elementor-element elementor-element-1c6bb30 e-con-full e-flex e-con e-child\" data-id=\"1c6bb30\" data-element_type=\"container\">\n\t\t\t\t<div class=\"elementor-element elementor-element-197dc39 elementor-widget-tablet__width-initial elementor-widget elementor-widget-image\" data-id=\"197dc39\" data-element_type=\"widget\" data-widget_type=\"image.default\">\n\t\t\t\t<div class=\"elementor-widget-container\">\n\t\t\t\t\t\t\t\t\t\t\t\t\t\t\t<img loading=\"lazy\" decoding=\"async\" width=\"500\" height=\"500\" src=\"https:\/\/www.escuelathays.mendoza.edu.ar\/wp-content\/uploads\/2024\/03\/DCEBI.png\" class=\"attachment-full size-full wp-image-355\" alt=\"\" srcset=\"https:\/\/www.escuelathays.mendoza.edu.ar\/wp-content\/uploads\/2024\/03\/DCEBI.png 500w, https:\/\/www.escuelathays.mendoza.edu.ar\/wp-content\/uploads\/2024\/03\/DCEBI-300x300.png 300w, https:\/\/www.escuelathays.mendoza.edu.ar\/wp-content\/uploads\/2024\/03\/DCEBI-150x150.png 150w, https:\/\/www.escuelathays.mendoza.edu.ar\/wp-content\/uploads\/2024\/03\/elementor\/thumbs\/DCEBI-qkzb2lhbwvp256dei6uhikmzrtyi8zzdbk3n813xac.png 250w\" sizes=\"(max-width: 500px) 100vw, 500px\" \/>\t\t\t\t\t\t\t\t\t\t\t\t\t\t\t<\/div>\n\t\t\t\t<\/div>\n\t\t\t\t<\/div>\n\t\t<div class=\"elementor-element elementor-element-841afae e-con-full e-flex e-con e-child\" data-id=\"841afae\" data-element_type=\"container\">\n\t\t\t\t<div class=\"elementor-element elementor-element-a7261a9 elementor-widget elementor-widget-heading\" data-id=\"a7261a9\" data-element_type=\"widget\" data-widget_type=\"heading.default\">\n\t\t\t\t<div class=\"elementor-widget-container\">\n\t\t\t\t\t<h3 class=\"elementor-heading-title elementor-size-default\">BACHILLER EN INFORM\u00c1TICA<\/h3>\t\t\t\t<\/div>\n\t\t\t\t<\/div>\n\t\t\t\t<div class=\"elementor-element elementor-element-7444879 elementor-widget elementor-widget-text-editor\" data-id=\"7444879\" data-element_type=\"widget\" data-widget_type=\"text-editor.default\">\n\t\t\t\t<div class=\"elementor-widget-container\">\n\t\t\t\t\t\t\t\t\t&#8220;Esta orientaci\u00f3n posibilita a los estudiantes la utilizaci\u00f3n, y el desarrollo de saberes que permiten resolver problemas relacionados con la inform\u00e1tica (algoritmos, multimedia, comunicaciones, etc.) en el marco de las tecnolog\u00edas de la informaci\u00f3n y la comunicaci\u00f3n. Esto, a su vez, implica la construcci\u00f3n de argumentaciones acerca de las implicancias\nsocioculturales del desarrollo cient\u00edfico y productivo de la industria inform\u00e1tica. Respecto del abordaje de situaciones problem\u00e1ticas del contexto escuela, familia o comunidad se espera una intervenci\u00f3n que proponga soluciones tanto en productos como servicios digitales, con una fuerte mirada social y cr\u00edtica tanto sobre las tecnolog\u00edas en s\u00ed mismas como en los cambios que estas producen al integrarse a la vida cotidiana de las personas. Para esto, se desarrollan proyectos colaborativos integrando saberes de las\ndistintas \u00e1reas de la orientaci\u00f3n como as\u00ed tambi\u00e9n de la formaci\u00f3n general.&#8221;\n<em>Fuente: Dise\u00f1o Curricular Provincial &#8220;Bachiller en Inform\u00e1tica&#8221;.<\/em>\t\t\t\t\t\t\t\t<\/div>\n\t\t\t\t<\/div>\n\t\t\t\t<\/div>\n\t\t\t\t<\/div>\n\t\t\t\t<\/div>\n\t\t\t\t\t<\/div>\n\t\t\t\t<\/div>\n\t\t<div class=\"elementor-element elementor-element-13664ff e-flex e-con-boxed e-con e-parent\" data-id=\"13664ff\" data-element_type=\"container\">\n\t\t\t\t\t<div class=\"e-con-inner\">\n\t\t\t\t<div class=\"elementor-element elementor-element-ce2912b elementor-widget elementor-widget-image\" data-id=\"ce2912b\" data-element_type=\"widget\" data-widget_type=\"image.default\">\n\t\t\t\t<div class=\"elementor-widget-container\">\n\t\t\t\t\t\t\t\t\t\t\t\t\t\t\t\t<a href=\"https:\/\/www.escuelathays.mendoza.edu.ar\/wp-content\/uploads\/2024\/03\/Bachiller-en-Informatica.png\" data-elementor-open-lightbox=\"yes\" data-elementor-lightbox-title=\"Bachiller en Inform\u00e1tica\" data-e-action-hash=\"#elementor-action%3Aaction%3Dlightbox%26settings%3DeyJpZCI6MTA4MSwidXJsIjoiaHR0cHM6XC9cL3d3dy5lc2N1ZWxhdGhheXMubWVuZG96YS5lZHUuYXJcL3dwLWNvbnRlbnRcL3VwbG9hZHNcLzIwMjRcLzAzXC9CYWNoaWxsZXItZW4tSW5mb3JtYXRpY2EucG5nIn0%3D\">\n\t\t\t\t\t\t\t<img loading=\"lazy\" decoding=\"async\" width=\"814\" height=\"853\" src=\"https:\/\/www.escuelathays.mendoza.edu.ar\/wp-content\/uploads\/2024\/03\/Bachiller-en-Informatica.png\" class=\"attachment-large size-large wp-image-1081\" alt=\"\" srcset=\"https:\/\/www.escuelathays.mendoza.edu.ar\/wp-content\/uploads\/2024\/03\/Bachiller-en-Informatica.png 814w, https:\/\/www.escuelathays.mendoza.edu.ar\/wp-content\/uploads\/2024\/03\/Bachiller-en-Informatica-286x300.png 286w, https:\/\/www.escuelathays.mendoza.edu.ar\/wp-content\/uploads\/2024\/03\/Bachiller-en-Informatica-768x805.png 768w\" sizes=\"(max-width: 814px) 100vw, 814px\" \/>\t\t\t\t\t\t\t\t<\/a>\n\t\t\t\t\t\t\t\t\t\t\t\t\t\t\t<\/div>\n\t\t\t\t<\/div>\n\t\t\t\t\t<\/div>\n\t\t\t\t<\/div>\n\t\t<div class=\"elementor-element elementor-element-143192d e-flex e-con-boxed e-con e-parent\" data-id=\"143192d\" data-element_type=\"container\">\n\t\t\t\t\t<div class=\"e-con-inner\">\n\t\t\t\t<div class=\"elementor-element elementor-element-540c11b elementor-widget elementor-widget-heading\" data-id=\"540c11b\" data-element_type=\"widget\" data-widget_type=\"heading.default\">\n\t\t\t\t<div class=\"elementor-widget-container\">\n\t\t\t\t\t<h3 class=\"elementor-heading-title elementor-size-default\">Orientaciones en acci\u00f3n...<\/h3>\t\t\t\t<\/div>\n\t\t\t\t<\/div>\n\t\t\t\t\t<\/div>\n\t\t\t\t<\/div>\n\t\t<div class=\"elementor-element elementor-element-8a9b321 e-grid e-con-boxed e-con e-parent\" data-id=\"8a9b321\" data-element_type=\"container\">\n\t\t\t\t\t<div class=\"e-con-inner\">\n\t\t\t\t<div class=\"elementor-element elementor-element-087045e elementor-widget elementor-widget-video\" data-id=\"087045e\" data-element_type=\"widget\" data-settings=\"{&quot;youtube_url&quot;:&quot;https:\\\/\\\/www.youtube.com\\\/watch?v=3p-XTPnsNEI&quot;,&quot;video_type&quot;:&quot;youtube&quot;,&quot;controls&quot;:&quot;yes&quot;}\" data-widget_type=\"video.default\">\n\t\t\t\t<div class=\"elementor-widget-container\">\n\t\t\t\t\t\t\t<div class=\"elementor-wrapper elementor-open-inline\">\n\t\t\t<div class=\"elementor-video\"><\/div>\t\t<\/div>\n\t\t\t\t\t\t<\/div>\n\t\t\t\t<\/div>\n\t\t\t\t<div class=\"elementor-element elementor-element-a71fd5f elementor-widget elementor-widget-video\" data-id=\"a71fd5f\" data-element_type=\"widget\" data-settings=\"{&quot;youtube_url&quot;:&quot;https:\\\/\\\/www.youtube.com\\\/watch?v=nP6fb0W4VKI&quot;,&quot;video_type&quot;:&quot;youtube&quot;,&quot;controls&quot;:&quot;yes&quot;}\" data-widget_type=\"video.default\">\n\t\t\t\t<div class=\"elementor-widget-container\">\n\t\t\t\t\t\t\t<div class=\"elementor-wrapper elementor-open-inline\">\n\t\t\t<div class=\"elementor-video\"><\/div>\t\t<\/div>\n\t\t\t\t\t\t<\/div>\n\t\t\t\t<\/div>\n\t\t<div class=\"elementor-element elementor-element-66293fa e-con-full e-flex e-con e-child\" data-id=\"66293fa\" data-element_type=\"container\">\n\t\t\t\t<div class=\"elementor-element elementor-element-decc23f elementor-widget elementor-widget-video\" data-id=\"decc23f\" data-element_type=\"widget\" data-settings=\"{&quot;youtube_url&quot;:&quot;https:\\\/\\\/youtu.be\\\/dGkuFazfvrQ&quot;,&quot;video_type&quot;:&quot;youtube&quot;,&quot;controls&quot;:&quot;yes&quot;}\" data-widget_type=\"video.default\">\n\t\t\t\t<div class=\"elementor-widget-container\">\n\t\t\t\t\t\t\t<div class=\"elementor-wrapper elementor-open-inline\">\n\t\t\t<div class=\"elementor-video\"><\/div>\t\t<\/div>\n\t\t\t\t\t\t<\/div>\n\t\t\t\t<\/div>\n\t\t\t\t<\/div>\n\t\t\t\t\t<\/div>\n\t\t\t\t<\/div>\n\t\t\t\t<\/div>\n\t\t","protected":false},"excerpt":{"rendered":"<p>OFERTA EDUCATIVA Estructura curricular del Ciclo B\u00e1sico El Ciclo B\u00e1sico comprende\u00a0 1\u00ba y 2\u00ba a\u00f1o del Nivel Secundario. Los espacios [&hellip;]<\/p>\n","protected":false},"author":1,"featured_media":4079,"parent":0,"menu_order":1,"comment_status":"closed","ping_status":"closed","template":"elementor_header_footer","meta":{"_eb_attr":"","_monsterinsights_skip_tracking":false,"_monsterinsights_sitenote_active":false,"_monsterinsights_sitenote_note":"","_monsterinsights_sitenote_category":0,"site-sidebar-layout":"no-sidebar","site-content-layout":"","ast-site-content-layout":"full-width-container","site-content-style":"default","site-sidebar-style":"default","ast-global-header-display":"","ast-banner-title-visibility":"","ast-main-header-display":"","ast-hfb-above-header-display":"","ast-hfb-below-header-display":"","ast-hfb-mobile-header-display":"","site-post-title":"disabled","ast-breadcrumbs-content":"","ast-featured-img":"disabled","footer-sml-layout":"","theme-transparent-header-meta":"","adv-header-id-meta":"","stick-header-meta":"","header-above-stick-meta":"","header-main-stick-meta":"","header-below-stick-meta":"","astra-migrate-meta-layouts":"default","ast-page-background-enabled":"default","ast-page-background-meta":{"desktop":{"background-color":"var(--ast-global-color-4)","background-image":"","background-repeat":"repeat","background-position":"center center","background-size":"auto","background-attachment":"scroll","background-type":"","background-media":"","overlay-type":"","overlay-color":"","overlay-opacity":"","overlay-gradient":""},"tablet":{"background-color":"","background-image":"","background-repeat":"repeat","background-position":"center center","background-size":"auto","background-attachment":"scroll","background-type":"","background-media":"","overlay-type":"","overlay-color":"","overlay-opacity":"","overlay-gradient":""},"mobile":{"background-color":"","background-image":"","background-repeat":"repeat","background-position":"center center","background-size":"auto","background-attachment":"scroll","background-type":"","background-media":"","overlay-type":"","overlay-color":"","overlay-opacity":"","overlay-gradient":""}},"ast-content-background-meta":{"desktop":{"background-color":"var(--ast-global-color-5)","background-image":"","background-repeat":"repeat","background-position":"center center","background-size":"auto","background-attachment":"scroll","background-type":"","background-media":"","overlay-type":"","overlay-color":"","overlay-opacity":"","overlay-gradient":""},"tablet":{"background-color":"var(--ast-global-color-5)","background-image":"","background-repeat":"repeat","background-position":"center center","background-size":"auto","background-attachment":"scroll","background-type":"","background-media":"","overlay-type":"","overlay-color":"","overlay-opacity":"","overlay-gradient":""},"mobile":{"background-color":"var(--ast-global-color-5)","background-image":"","background-repeat":"repeat","background-position":"center center","background-size":"auto","background-attachment":"scroll","background-type":"","background-media":"","overlay-type":"","overlay-color":"","overlay-opacity":"","overlay-gradient":""}},"footnotes":""},"class_list":["post-236","page","type-page","status-publish","has-post-thumbnail","hentry"],"_links":{"self":[{"href":"https:\/\/www.escuelathays.mendoza.edu.ar\/index.php?rest_route=\/wp\/v2\/pages\/236","targetHints":{"allow":["GET"]}}],"collection":[{"href":"https:\/\/www.escuelathays.mendoza.edu.ar\/index.php?rest_route=\/wp\/v2\/pages"}],"about":[{"href":"https:\/\/www.escuelathays.mendoza.edu.ar\/index.php?rest_route=\/wp\/v2\/types\/page"}],"author":[{"embeddable":true,"href":"https:\/\/www.escuelathays.mendoza.edu.ar\/index.php?rest_route=\/wp\/v2\/users\/1"}],"replies":[{"embeddable":true,"href":"https:\/\/www.escuelathays.mendoza.edu.ar\/index.php?rest_route=%2Fwp%2Fv2%2Fcomments&post=236"}],"version-history":[{"count":171,"href":"https:\/\/www.escuelathays.mendoza.edu.ar\/index.php?rest_route=\/wp\/v2\/pages\/236\/revisions"}],"predecessor-version":[{"id":6507,"href":"https:\/\/www.escuelathays.mendoza.edu.ar\/index.php?rest_route=\/wp\/v2\/pages\/236\/revisions\/6507"}],"wp:featuredmedia":[{"embeddable":true,"href":"https:\/\/www.escuelathays.mendoza.edu.ar\/index.php?rest_route=\/wp\/v2\/media\/4079"}],"wp:attachment":[{"href":"https:\/\/www.escuelathays.mendoza.edu.ar\/index.php?rest_route=%2Fwp%2Fv2%2Fmedia&parent=236"}],"curies":[{"name":"wp","href":"https:\/\/api.w.org\/{rel}","templated":true}]}}