{"id":6556,"date":"2026-04-18T20:30:27","date_gmt":"2026-04-18T23:30:27","guid":{"rendered":"https:\/\/www.escuelathays.mendoza.edu.ar\/?page_id=6556"},"modified":"2026-04-19T11:02:43","modified_gmt":"2026-04-19T14:02:43","slug":"thays","status":"publish","type":"page","link":"https:\/\/www.escuelathays.mendoza.edu.ar\/?page_id=6556","title":{"rendered":"Stream Thays"},"content":{"rendered":"\t\t<div data-elementor-type=\"wp-page\" data-elementor-id=\"6556\" class=\"elementor elementor-6556\">\n\t\t\t\t<div class=\"elementor-element elementor-element-2e9c47 e-flex e-con-boxed e-con e-parent\" data-id=\"2e9c47\" data-element_type=\"container\" data-settings=\"{&quot;background_background&quot;:&quot;slideshow&quot;,&quot;background_slideshow_gallery&quot;:[{&quot;id&quot;:6612,&quot;url&quot;:&quot;https:\\\/\\\/www.escuelathays.mendoza.edu.ar\\\/wp-content\\\/uploads\\\/2026\\\/04\\\/unicorn-gradients-bg-scaled-1.jpg&quot;}],&quot;background_slideshow_loop&quot;:&quot;yes&quot;,&quot;background_slideshow_slide_duration&quot;:5000,&quot;background_slideshow_slide_transition&quot;:&quot;fade&quot;,&quot;background_slideshow_transition_duration&quot;:500}\">\n\t\t\t\t\t<div class=\"e-con-inner\">\n\t\t<div class=\"elementor-element elementor-element-2fc767bc e-con-full e-flex e-con e-child\" data-id=\"2fc767bc\" data-element_type=\"container\">\n\t\t<div class=\"elementor-element elementor-element-117ee7ba e-con-full e-flex e-con e-child\" data-id=\"117ee7ba\" data-element_type=\"container\">\n\t\t<div class=\"elementor-element elementor-element-39677fd2 e-con-full e-flex e-con e-child\" data-id=\"39677fd2\" data-element_type=\"container\">\n\t\t\t\t<div class=\"elementor-element elementor-element-3f5e2559 premium-header-block premium-lq__none premium-box-lq__none elementor-widget elementor-widget-premium-addon-dual-header\" data-id=\"3f5e2559\" data-element_type=\"widget\" data-widget_type=\"premium-addon-dual-header.default\">\n\t\t\t\t\t\n\t\t<div class=\"elementor-widget-container\">\n\t\t\t\t\t<h2 class=\"premium-dual-header-first-header \"><span class=\"premium-dual-header-first-span\">Nuestras voces al mundo ... <\/span><span class=\"premium-dual-header-second-header \">THAYS STREAM<\/span><\/h2> \t\t\t\t<\/div>\n\n\t\t\t\t\t\t<\/div>\n\t\t\t\t<div class=\"elementor-element elementor-element-2a816b82 elementor-widget elementor-widget-text-editor\" data-id=\"2a816b82\" data-element_type=\"widget\" data-widget_type=\"text-editor.default\">\n\t\t\t\t<div class=\"elementor-widget-container\">\n\t\t\t\t\t\t\t\t\t<p style=\"text-align: center;\">Un espacio donde los estudiantes dejan de ser solo espectadores para convertirse en creadores de contenido, conocimiento y comunidad.<\/p><p style=\"text-align: center;\"><em><strong>\u00a1Bienvenidos al canal de streaming de la Thays!<\/strong><\/em><\/p>\t\t\t\t\t\t\t\t<\/div>\n\t\t\t\t<\/div>\n\t\t\t\t<\/div>\n\t\t\t\t<\/div>\n\t\t<div class=\"elementor-element elementor-element-28b98c0d e-con-full e-flex e-con e-child\" data-id=\"28b98c0d\" data-element_type=\"container\">\n\t\t<div class=\"elementor-element elementor-element-51d3fb97 e-con-full e-flex e-con e-child\" data-id=\"51d3fb97\" data-element_type=\"container\">\n\t\t\t\t<div class=\"elementor-element elementor-element-2784800c elementor-widget elementor-widget-image\" data-id=\"2784800c\" data-element_type=\"widget\" data-widget_type=\"image.default\">\n\t\t\t\t<div class=\"elementor-widget-container\">\n\t\t\t\t\t\t\t\t\t\t\t\t\t\t\t<img fetchpriority=\"high\" decoding=\"async\" width=\"235\" height=\"300\" src=\"https:\/\/www.escuelathays.mendoza.edu.ar\/wp-content\/uploads\/2026\/04\/ENt-235x300.png\" class=\"attachment-medium size-medium wp-image-6624\" alt=\"\" srcset=\"https:\/\/www.escuelathays.mendoza.edu.ar\/wp-content\/uploads\/2026\/04\/ENt-235x300.png 235w, https:\/\/www.escuelathays.mendoza.edu.ar\/wp-content\/uploads\/2026\/04\/ENt.png 380w\" sizes=\"(max-width: 235px) 100vw, 235px\" \/>\t\t\t\t\t\t\t\t\t\t\t\t\t\t\t<\/div>\n\t\t\t\t<\/div>\n\t\t\t\t<div class=\"elementor-element elementor-element-7c8665a8 elementor-widget elementor-widget-heading\" data-id=\"7c8665a8\" data-element_type=\"widget\" data-widget_type=\"heading.default\">\n\t\t\t\t<div class=\"elementor-widget-container\">\n\t\t\t\t\t<h3 class=\"elementor-heading-title elementor-size-default\">ENTREVISTAS<\/h3>\t\t\t\t<\/div>\n\t\t\t\t<\/div>\n\t\t\t\t<div class=\"elementor-element elementor-element-a65fdb4 elementor-widget elementor-widget-text-editor\" data-id=\"a65fdb4\" data-element_type=\"widget\" data-widget_type=\"text-editor.default\">\n\t\t\t\t<div class=\"elementor-widget-container\">\n\t\t\t\t\t\t\t\t\t<p>Estudiantes y docentes como protagonistas.<\/p>\t\t\t\t\t\t\t\t<\/div>\n\t\t\t\t<\/div>\n\t\t\t\t<\/div>\n\t\t<div class=\"elementor-element elementor-element-44f045ac e-con-full e-flex e-con e-child\" data-id=\"44f045ac\" data-element_type=\"container\">\n\t\t\t\t<div class=\"elementor-element elementor-element-60ed468c elementor-widget elementor-widget-image\" data-id=\"60ed468c\" data-element_type=\"widget\" data-widget_type=\"image.default\">\n\t\t\t\t<div class=\"elementor-widget-container\">\n\t\t\t\t\t\t\t\t\t\t\t\t\t\t\t<img decoding=\"async\" width=\"235\" height=\"300\" src=\"https:\/\/www.escuelathays.mendoza.edu.ar\/wp-content\/uploads\/2026\/04\/Not-235x300.png\" class=\"attachment-medium size-medium wp-image-6625\" alt=\"\" srcset=\"https:\/\/www.escuelathays.mendoza.edu.ar\/wp-content\/uploads\/2026\/04\/Not-235x300.png 235w, https:\/\/www.escuelathays.mendoza.edu.ar\/wp-content\/uploads\/2026\/04\/Not.png 380w\" sizes=\"(max-width: 235px) 100vw, 235px\" \/>\t\t\t\t\t\t\t\t\t\t\t\t\t\t\t<\/div>\n\t\t\t\t<\/div>\n\t\t\t\t<div class=\"elementor-element elementor-element-cdb6885 elementor-widget elementor-widget-heading\" data-id=\"cdb6885\" data-element_type=\"widget\" data-widget_type=\"heading.default\">\n\t\t\t\t<div class=\"elementor-widget-container\">\n\t\t\t\t\t<h3 class=\"elementor-heading-title elementor-size-default\">NOTICIAS Y DEBATES<\/h3>\t\t\t\t<\/div>\n\t\t\t\t<\/div>\n\t\t\t\t<div class=\"elementor-element elementor-element-5ab69147 elementor-widget elementor-widget-text-editor\" data-id=\"5ab69147\" data-element_type=\"widget\" data-widget_type=\"text-editor.default\">\n\t\t\t\t<div class=\"elementor-widget-container\">\n\t\t\t\t\t\t\t\t\t<p>Temas de inter\u00e9s y actualidad relacionados con los espacios curriculares de 5\u00ba a\u00f1o en Econom\u00eda e Inform\u00e1tica.<\/p>\t\t\t\t\t\t\t\t<\/div>\n\t\t\t\t<\/div>\n\t\t\t\t<\/div>\n\t\t<div class=\"elementor-element elementor-element-7fee477f e-con-full e-flex e-con e-child\" data-id=\"7fee477f\" data-element_type=\"container\">\n\t\t\t\t<div class=\"elementor-element elementor-element-626d7841 elementor-widget elementor-widget-image\" data-id=\"626d7841\" data-element_type=\"widget\" data-widget_type=\"image.default\">\n\t\t\t\t<div class=\"elementor-widget-container\">\n\t\t\t\t\t\t\t\t\t\t\t\t\t\t\t<img decoding=\"async\" width=\"233\" height=\"300\" src=\"https:\/\/www.escuelathays.mendoza.edu.ar\/wp-content\/uploads\/2026\/04\/Viv-233x300.png\" class=\"attachment-medium size-medium wp-image-6626\" alt=\"\" srcset=\"https:\/\/www.escuelathays.mendoza.edu.ar\/wp-content\/uploads\/2026\/04\/Viv-233x300.png 233w, https:\/\/www.escuelathays.mendoza.edu.ar\/wp-content\/uploads\/2026\/04\/Viv.png 380w\" sizes=\"(max-width: 233px) 100vw, 233px\" \/>\t\t\t\t\t\t\t\t\t\t\t\t\t\t\t<\/div>\n\t\t\t\t<\/div>\n\t\t\t\t<div class=\"elementor-element elementor-element-45379bc8 elementor-widget elementor-widget-heading\" data-id=\"45379bc8\" data-element_type=\"widget\" data-widget_type=\"heading.default\">\n\t\t\t\t<div class=\"elementor-widget-container\">\n\t\t\t\t\t<h3 class=\"elementor-heading-title elementor-size-default\">VIVOS DE EVENTOS ESCOLARES<\/h3>\t\t\t\t<\/div>\n\t\t\t\t<\/div>\n\t\t\t\t<div class=\"elementor-element elementor-element-2a3b36bb elementor-widget elementor-widget-text-editor\" data-id=\"2a3b36bb\" data-element_type=\"widget\" data-widget_type=\"text-editor.default\">\n\t\t\t\t<div class=\"elementor-widget-container\">\n\t\t\t\t\t\t\t\t\t<p>Otra forma de mostrar Vida Thays&#8230;<\/p>\t\t\t\t\t\t\t\t<\/div>\n\t\t\t\t<\/div>\n\t\t\t\t<\/div>\n\t\t\t\t<\/div>\n\t\t\t\t<\/div>\n\t\t\t\t\t<\/div>\n\t\t\t\t<\/div>\n\t\t<div class=\"elementor-element elementor-element-74f243b e-flex e-con-boxed e-con e-parent\" data-id=\"74f243b\" data-element_type=\"container\">\n\t\t\t\t\t<div class=\"e-con-inner\">\n\t\t\t\t<div class=\"elementor-element elementor-element-15a3a21 elementor-widget__width-initial elementor-widget elementor-widget-video\" data-id=\"15a3a21\" data-element_type=\"widget\" data-settings=\"{&quot;video_type&quot;:&quot;hosted&quot;,&quot;controls&quot;:&quot;yes&quot;}\" data-widget_type=\"video.default\">\n\t\t\t\t<div class=\"elementor-widget-container\">\n\t\t\t\t\t\t\t<div class=\"e-hosted-video elementor-wrapper elementor-open-inline\">\n\t\t\t\t\t<video class=\"elementor-video\" src=\"https:\/\/www.escuelathays.mendoza.edu.ar\/wp-content\/uploads\/2026\/04\/VSTRam.mp4\" controls=\"\" preload=\"metadata\" controlsList=\"nodownload\"><\/video>\n\t\t\t\t<\/div>\n\t\t\t\t\t\t<\/div>\n\t\t\t\t<\/div>\n\t\t\t\t\t<\/div>\n\t\t\t\t<\/div>\n\t\t\t\t<\/div>\n\t\t","protected":false},"excerpt":{"rendered":"<p>Nuestras voces al mundo &#8230; THAYS STREAM Un espacio donde los estudiantes dejan de ser solo espectadores para convertirse en [&hellip;]<\/p>\n","protected":false},"author":1,"featured_media":6701,"parent":240,"menu_order":0,"comment_status":"closed","ping_status":"closed","template":"","meta":{"_eb_attr":"","_monsterinsights_skip_tracking":false,"_monsterinsights_sitenote_active":false,"_monsterinsights_sitenote_note":"","_monsterinsights_sitenote_category":0,"site-sidebar-layout":"no-sidebar","site-content-layout":"","ast-site-content-layout":"full-width-container","site-content-style":"default","site-sidebar-style":"default","ast-global-header-display":"","ast-banner-title-visibility":"","ast-main-header-display":"","ast-hfb-above-header-display":"","ast-hfb-below-header-display":"","ast-hfb-mobile-header-display":"","site-post-title":"disabled","ast-breadcrumbs-content":"","ast-featured-img":"disabled","footer-sml-layout":"","theme-transparent-header-meta":"","adv-header-id-meta":"","stick-header-meta":"","header-above-stick-meta":"","header-main-stick-meta":"","header-below-stick-meta":"","astra-migrate-meta-layouts":"default","ast-page-background-enabled":"default","ast-page-background-meta":{"desktop":{"background-color":"var(--ast-global-color-4)","background-image":"","background-repeat":"repeat","background-position":"center center","background-size":"auto","background-attachment":"scroll","background-type":"","background-media":"","overlay-type":"","overlay-color":"","overlay-opacity":"","overlay-gradient":""},"tablet":{"background-color":"","background-image":"","background-repeat":"repeat","background-position":"center center","background-size":"auto","background-attachment":"scroll","background-type":"","background-media":"","overlay-type":"","overlay-color":"","overlay-opacity":"","overlay-gradient":""},"mobile":{"background-color":"","background-image":"","background-repeat":"repeat","background-position":"center center","background-size":"auto","background-attachment":"scroll","background-type":"","background-media":"","overlay-type":"","overlay-color":"","overlay-opacity":"","overlay-gradient":""}},"ast-content-background-meta":{"desktop":{"background-color":"var(--ast-global-color-5)","background-image":"","background-repeat":"repeat","background-position":"center center","background-size":"auto","background-attachment":"scroll","background-type":"","background-media":"","overlay-type":"","overlay-color":"","overlay-opacity":"","overlay-gradient":""},"tablet":{"background-color":"var(--ast-global-color-5)","background-image":"","background-repeat":"repeat","background-position":"center center","background-size":"auto","background-attachment":"scroll","background-type":"","background-media":"","overlay-type":"","overlay-color":"","overlay-opacity":"","overlay-gradient":""},"mobile":{"background-color":"var(--ast-global-color-5)","background-image":"","background-repeat":"repeat","background-position":"center center","background-size":"auto","background-attachment":"scroll","background-type":"","background-media":"","overlay-type":"","overlay-color":"","overlay-opacity":"","overlay-gradient":""}},"footnotes":""},"class_list":["post-6556","page","type-page","status-publish","has-post-thumbnail","hentry"],"_links":{"self":[{"href":"https:\/\/www.escuelathays.mendoza.edu.ar\/index.php?rest_route=\/wp\/v2\/pages\/6556","targetHints":{"allow":["GET"]}}],"collection":[{"href":"https:\/\/www.escuelathays.mendoza.edu.ar\/index.php?rest_route=\/wp\/v2\/pages"}],"about":[{"href":"https:\/\/www.escuelathays.mendoza.edu.ar\/index.php?rest_route=\/wp\/v2\/types\/page"}],"author":[{"embeddable":true,"href":"https:\/\/www.escuelathays.mendoza.edu.ar\/index.php?rest_route=\/wp\/v2\/users\/1"}],"replies":[{"embeddable":true,"href":"https:\/\/www.escuelathays.mendoza.edu.ar\/index.php?rest_route=%2Fwp%2Fv2%2Fcomments&post=6556"}],"version-history":[{"count":8,"href":"https:\/\/www.escuelathays.mendoza.edu.ar\/index.php?rest_route=\/wp\/v2\/pages\/6556\/revisions"}],"predecessor-version":[{"id":6702,"href":"https:\/\/www.escuelathays.mendoza.edu.ar\/index.php?rest_route=\/wp\/v2\/pages\/6556\/revisions\/6702"}],"up":[{"embeddable":true,"href":"https:\/\/www.escuelathays.mendoza.edu.ar\/index.php?rest_route=\/wp\/v2\/pages\/240"}],"wp:featuredmedia":[{"embeddable":true,"href":"https:\/\/www.escuelathays.mendoza.edu.ar\/index.php?rest_route=\/wp\/v2\/media\/6701"}],"wp:attachment":[{"href":"https:\/\/www.escuelathays.mendoza.edu.ar\/index.php?rest_route=%2Fwp%2Fv2%2Fmedia&parent=6556"}],"curies":[{"name":"wp","href":"https:\/\/api.w.org\/{rel}","templated":true}]}}